{"id":118,"date":"2022-10-12T20:44:03","date_gmt":"2022-10-12T18:44:03","guid":{"rendered":"http:\/\/ausoleilvert.carpezen.fr\/?page_id=118"},"modified":"2022-10-13T14:55:41","modified_gmt":"2022-10-13T12:55:41","slug":"tarifs","status":"publish","type":"page","link":"https:\/\/ausoleilvert.carpezen.fr\/index.php\/tarifs\/","title":{"rendered":"Tarifs"},"content":{"rendered":"\n<p>Profitez de votre s\u00e9jour \u00e0 partir de 2 nuit\u00e9es et toute l\u2019ann\u00e9e.<br>Les arriv\u00e9es  s\u2019effectuent \u00e0 partir de 15h et les d\u00e9parts au plus tard \u00e0 11h.<\/p>\n\n\n\n<p><strong><em><mark>En choisissant de r\u00e9server <em><mark>directement<\/mark><\/em><\/mark><\/em> <em><mark>aupr\u00e8s de nous ,<br>vous b\u00e9n\u00e9ficiez du tarif le plus int\u00e9ressant, vous n\u2019avez aucun frais de dossier \u00e0 r\u00e9gler<br>et la garantie de l\u2019authenticit\u00e9 de la relation humaine.<\/mark><\/em><\/strong><\/p>\n\n\n\n<ul><li>80\u20ac la nuit\u00e9e en semaine (+10\u20ac par personne suppl\u00e9mentaire au del\u00e0 de 3 personnes)<\/li><li>100\u20ac la nuit\u00e9e les vendredis ou samedis (+10\u20ac par personne suppl\u00e9mentaire au del\u00e0 de 3 personnes)<\/li><li>Forfait m\u00e9nage obligatoire en suppl\u00e9ment.<\/li><li>Tarifs major\u00e9s pour les ponts et jours f\u00e9ri\u00e9s.<\/li><\/ul>\n\n\n\n<p>Une caution de 400\u20ac par ch\u00e8que (non encaiss\u00e9) vous sera demand\u00e9e lors de la remise des cl\u00e9s.<br>30% d&rsquo;acompte par ch\u00e8que pour toutes r\u00e9servations.<br>Tarif d\u00e9gressif \u00e0 la semaine.<\/p>\n\n\n\n<p class=\"has-medium-font-size\"><strong><a href=\"http:\/\/ausoleilvert.carpezen.fr\/index.php\/contact\/\" target=\"_blank\" rel=\"noreferrer noopener\">Renseignements par mail et t\u00e9l\u00e9phone.<\/a><\/strong><\/p>\n\n\n\n<p><\/p>\n","protected":false},"excerpt":{"rendered":"<p>Profitez de votre s\u00e9jour \u00e0 partir de 2 nuit\u00e9es et toute l\u2019ann\u00e9e.Les arriv\u00e9es s\u2019effectuent \u00e0 partir de 15h et les d\u00e9parts au plus tard \u00e0 11h. En choisissant de r\u00e9server directement aupr\u00e8s de nous ,vous b\u00e9n\u00e9ficiez du tarif le plus int\u00e9ressant, vous n\u2019avez aucun frais de dossier \u00e0 r\u00e9gleret la garantie de l\u2019authenticit\u00e9 de la &hellip; <\/p>\n<p class=\"link-more\"><a href=\"https:\/\/ausoleilvert.carpezen.fr\/index.php\/tarifs\/\" class=\"more-link\">Continuer la lecture<span class=\"screen-reader-text\"> de &laquo;&nbsp;Tarifs&nbsp;&raquo;<\/span><\/a><\/p>\n","protected":false},"author":1,"featured_media":204,"parent":0,"menu_order":0,"comment_status":"closed","ping_status":"closed","template":"","meta":{"footnotes":""},"_links":{"self":[{"href":"https:\/\/ausoleilvert.carpezen.fr\/index.php\/wp-json\/wp\/v2\/pages\/118"}],"collection":[{"href":"https:\/\/ausoleilvert.carpezen.fr\/index.php\/wp-json\/wp\/v2\/pages"}],"about":[{"href":"https:\/\/ausoleilvert.carpezen.fr\/index.php\/wp-json\/wp\/v2\/types\/page"}],"author":[{"embeddable":true,"href":"https:\/\/ausoleilvert.carpezen.fr\/index.php\/wp-json\/wp\/v2\/users\/1"}],"replies":[{"embeddable":true,"href":"https:\/\/ausoleilvert.carpezen.fr\/index.php\/wp-json\/wp\/v2\/comments?post=118"}],"version-history":[{"count":5,"href":"https:\/\/ausoleilvert.carpezen.fr\/index.php\/wp-json\/wp\/v2\/pages\/118\/revisions"}],"predecessor-version":[{"id":225,"href":"https:\/\/ausoleilvert.carpezen.fr\/index.php\/wp-json\/wp\/v2\/pages\/118\/revisions\/225"}],"wp:featuredmedia":[{"embeddable":true,"href":"https:\/\/ausoleilvert.carpezen.fr\/index.php\/wp-json\/wp\/v2\/media\/204"}],"wp:attachment":[{"href":"https:\/\/ausoleilvert.carpezen.fr\/index.php\/wp-json\/wp\/v2\/media?parent=118"}],"curies":[{"name":"wp","href":"https:\/\/api.w.org\/{rel}","templated":true}]}}